{"id":549,"date":"2020-05-19T11:34:34","date_gmt":"2020-05-19T08:34:34","guid":{"rendered":"https:\/\/wawiwa-tech.com\/?page_id=549"},"modified":"2023-03-15T11:15:36","modified_gmt":"2023-03-15T09:15:36","slug":"join-wawiwas-global-partner-network","status":"publish","type":"page","link":"https:\/\/wawiwa-tech.com\/es\/join-wawiwas-global-partner-network\/","title":{"rendered":"\u00danase a la red mundial de socios de Wawiwa"},"content":{"rendered":"<div data-elementor-type=\"wp-page\" data-elementor-id=\"549\" class=\"elementor elementor-549\" data-elementor-settings=\"{&quot;ha_cmc_init_switcher&quot;:&quot;no&quot;}\" data-elementor-post-type=\"page\">\n\t\t\t\t\t\t<section class=\"elementor-section elementor-top-section elementor-element elementor-element-f5200d3 elementor-section-height-min-height elementor-section-boxed elementor-section-height-default elementor-section-items-middle\" data-id=\"f5200d3\" data-element_type=\"section\" data-e-type=\"section\" data-settings=\"{&quot;background_background&quot;:&quot;classic&quot;,&quot;_ha_eqh_enable&quot;:false}\">\n\t\t\t\t\t\t<div class=\"elementor-container elementor-column-gap-default\">\n\t\t\t\t\t<div class=\"elementor-column elementor-col-100 elementor-top-column elementor-element elementor-element-36bb979\" data-id=\"36bb979\" data-element_type=\"column\" data-e-type=\"column\">\n\t\t\t<div class=\"elementor-widget-wrap\">\n\t\t\t\t\t\t\t<\/div>\n\t\t<\/div>\n\t\t\t\t\t<\/div>\n\t\t<\/section>\n\t\t\t\t<section class=\"elementor-section elementor-top-section elementor-element elementor-element-b43dc0e elementor-section-boxed elementor-section-height-default elementor-section-height-default\" data-id=\"b43dc0e\" data-element_type=\"section\" data-e-type=\"section\" data-settings=\"{&quot;_ha_eqh_enable&quot;:false}\">\n\t\t\t\t\t\t<div class=\"elementor-container elementor-column-gap-default\">\n\t\t\t\t\t<div class=\"elementor-column elementor-col-100 elementor-top-column elementor-element elementor-element-3ebeea5\" data-id=\"3ebeea5\" data-element_type=\"column\" data-e-type=\"column\">\n\t\t\t<div class=\"elementor-widget-wrap elementor-element-populated\">\n\t\t\t\t\t\t<section class=\"elementor-section elementor-inner-section elementor-element elementor-element-d3d1d53 elementor-section-boxed elementor-section-height-default elementor-section-height-default\" data-id=\"d3d1d53\" data-element_type=\"section\" data-e-type=\"section\" data-settings=\"{&quot;_ha_eqh_enable&quot;:false}\">\n\t\t\t\t\t\t<div class=\"elementor-container elementor-column-gap-default\">\n\t\t\t\t\t<div class=\"elementor-column elementor-col-100 elementor-inner-column elementor-element elementor-element-f890ceb\" data-id=\"f890ceb\" data-element_type=\"column\" data-e-type=\"column\">\n\t\t\t<div class=\"elementor-widget-wrap elementor-element-populated\">\n\t\t\t\t\t\t<div class=\"elementor-element elementor-element-ac76810 elementor-widget elementor-widget-heading\" data-id=\"ac76810\" data-element_type=\"widget\" data-e-type=\"widget\" data-widget_type=\"heading.default\">\n\t\t\t\t<div class=\"elementor-widget-container\">\n\t\t\t\t\t<h2 class=\"elementor-heading-title elementor-size-default\">unirse a wawiwa<\/h2>\t\t\t\t<\/div>\n\t\t\t\t<\/div>\n\t\t\t\t\t<\/div>\n\t\t<\/div>\n\t\t\t\t\t<\/div>\n\t\t<\/section>\n\t\t\t\t\t<\/div>\n\t\t<\/div>\n\t\t\t\t\t<\/div>\n\t\t<\/section>\n\t\t\t\t<section class=\"elementor-section elementor-top-section elementor-element elementor-element-84924d3 elementor-section-boxed elementor-section-height-default elementor-section-height-default\" data-id=\"84924d3\" data-element_type=\"section\" data-e-type=\"section\" data-settings=\"{&quot;_ha_eqh_enable&quot;:false}\">\n\t\t\t\t\t\t<div class=\"elementor-container elementor-column-gap-default\">\n\t\t\t\t\t<div class=\"elementor-column elementor-col-100 elementor-top-column elementor-element elementor-element-f6a76d8\" data-id=\"f6a76d8\" data-element_type=\"column\" data-e-type=\"column\">\n\t\t\t<div class=\"elementor-widget-wrap\">\n\t\t\t\t\t\t\t<\/div>\n\t\t<\/div>\n\t\t\t\t\t<\/div>\n\t\t<\/section>\n\t\t\t\t<section class=\"elementor-section elementor-top-section elementor-element elementor-element-d16a978 elementor-section-boxed elementor-section-height-default elementor-section-height-default\" data-id=\"d16a978\" data-element_type=\"section\" data-e-type=\"section\" data-settings=\"{&quot;_ha_eqh_enable&quot;:false}\">\n\t\t\t\t\t\t<div class=\"elementor-container elementor-column-gap-default\">\n\t\t\t\t\t<div class=\"elementor-column elementor-col-100 elementor-top-column elementor-element elementor-element-7ce266a\" data-id=\"7ce266a\" data-element_type=\"column\" data-e-type=\"column\">\n\t\t\t<div class=\"elementor-widget-wrap elementor-element-populated\">\n\t\t\t\t\t\t<div class=\"elementor-element elementor-element-31f87e6 elementor-widget elementor-widget-heading\" data-id=\"31f87e6\" data-element_type=\"widget\" data-e-type=\"widget\" data-widget_type=\"heading.default\">\n\t\t\t\t<div class=\"elementor-widget-container\">\n\t\t\t\t\t<h2 class=\"elementor-heading-title elementor-size-default\">S\u00f3lo tiene que rellenar el siguiente formulario y envi\u00e1rnoslo. Nos comprometemos a responderle en un plazo de 3 d\u00edas laborables. \n<\/h2>\t\t\t\t<\/div>\n\t\t\t\t<\/div>\n\t\t\t\t\t<\/div>\n\t\t<\/div>\n\t\t\t\t\t<\/div>\n\t\t<\/section>\n\t\t\t\t<section class=\"elementor-section elementor-top-section elementor-element elementor-element-fc29969 elementor-section-boxed elementor-section-height-default elementor-section-height-default\" data-id=\"fc29969\" data-element_type=\"section\" data-e-type=\"section\" data-settings=\"{&quot;_ha_eqh_enable&quot;:false}\">\n\t\t\t\t\t\t<div class=\"elementor-container elementor-column-gap-default\">\n\t\t\t\t\t<div class=\"elementor-column elementor-col-100 elementor-top-column elementor-element elementor-element-b6aa0bb\" data-id=\"b6aa0bb\" data-element_type=\"column\" data-e-type=\"column\">\n\t\t\t<div class=\"elementor-widget-wrap elementor-element-populated\">\n\t\t\t\t\t\t<div class=\"elementor-element elementor-element-99094b4 elementor-button-align-stretch elementor-widget elementor-widget-form\" data-id=\"99094b4\" data-element_type=\"widget\" data-e-type=\"widget\" data-settings=\"{&quot;button_width&quot;:&quot;100&quot;,&quot;step_next_label&quot;:&quot;Siguiente&quot;,&quot;step_previous_label&quot;:&quot;Anterior&quot;,&quot;step_type&quot;:&quot;number_text&quot;,&quot;step_icon_shape&quot;:&quot;circle&quot;}\" data-widget_type=\"form.default\">\n\t\t\t\t<div class=\"elementor-widget-container\">\n\t\t\t\t\t\t\t<form class=\"elementor-form\" method=\"post\" name=\"New Form\" aria-label=\"New Form\" action=\"\">\n\t\t\t<input type=\"hidden\" name=\"post_id\" value=\"549\"\/>\n\t\t\t<input type=\"hidden\" name=\"form_id\" value=\"99094b4\"\/>\n\t\t\t<input type=\"hidden\" name=\"referer_title\" value=\"Wawiwa Tech\" \/>\n\n\t\t\t\n\t\t\t<div class=\"elementor-form-fields-wrapper elementor-labels-\">\n\t\t\t\t\t\t\t\t<div class=\"elementor-field-type-text elementor-field-group elementor-column elementor-field-group-name elementor-col-100 elementor-field-required\">\n\t\t\t\t\t\t\t\t\t\t\t\t<label for=\"form-field-name\" class=\"elementor-field-label elementor-screen-only\">\n\t\t\t\t\t\t\t\tNombre completo *\t\t\t\t\t\t\t<\/label>\n\t\t\t\t\t\t\t\t\t\t\t\t\t\t<input size=\"1\" type=\"text\" name=\"form_fields[name]\" id=\"form-field-name\" class=\"elementor-field elementor-size-lg  elementor-field-textual\" placeholder=\"Nombre completo *\" required=\"required\">\n\t\t\t\t\t\t\t\t\t\t\t<\/div>\n\t\t\t\t\t\t\t\t<div class=\"elementor-field-type-text elementor-field-group elementor-column elementor-field-group-field_4718520 elementor-col-100\">\n\t\t\t\t\t\t\t\t\t\t\t\t<label for=\"form-field-field_4718520\" class=\"elementor-field-label elementor-screen-only\">\n\t\t\t\t\t\t\t\tPapel\t\t\t\t\t\t\t<\/label>\n\t\t\t\t\t\t\t\t\t\t\t\t\t\t<input size=\"1\" type=\"text\" name=\"form_fields[field_4718520]\" id=\"form-field-field_4718520\" class=\"elementor-field elementor-size-lg  elementor-field-textual\" placeholder=\"Papel\">\n\t\t\t\t\t\t\t\t\t\t\t<\/div>\n\t\t\t\t\t\t\t\t<div class=\"elementor-field-type-text elementor-field-group elementor-column elementor-field-group-field_d533b90 elementor-col-100\">\n\t\t\t\t\t\t\t\t\t\t\t\t<label for=\"form-field-field_d533b90\" class=\"elementor-field-label elementor-screen-only\">\n\t\t\t\t\t\t\t\tEmpresa \/ Organizaci\u00f3n\t\t\t\t\t\t\t<\/label>\n\t\t\t\t\t\t\t\t\t\t\t\t\t\t<input size=\"1\" type=\"text\" name=\"form_fields[field_d533b90]\" id=\"form-field-field_d533b90\" class=\"elementor-field elementor-size-lg  elementor-field-textual\" placeholder=\"Empresa \/ Organizaci\u00f3n\">\n\t\t\t\t\t\t\t\t\t\t\t<\/div>\n\t\t\t\t\t\t\t\t<div class=\"elementor-field-type-email elementor-field-group elementor-column elementor-field-group-email elementor-col-100 elementor-field-required\">\n\t\t\t\t\t\t\t\t\t\t\t\t<label for=\"form-field-email\" class=\"elementor-field-label elementor-screen-only\">\n\t\t\t\t\t\t\t\tCorreo electr\u00f3nico *\t\t\t\t\t\t\t<\/label>\n\t\t\t\t\t\t\t\t\t\t\t\t\t\t<input size=\"1\" type=\"email\" name=\"form_fields[email]\" id=\"form-field-email\" class=\"elementor-field elementor-size-lg  elementor-field-textual\" placeholder=\"Correo electr\u00f3nico *\" required=\"required\">\n\t\t\t\t\t\t\t\t\t\t\t<\/div>\n\t\t\t\t\t\t\t\t<div class=\"elementor-field-type-tel elementor-field-group elementor-column elementor-field-group-field_51799d9 elementor-col-100 elementor-field-required\">\n\t\t\t\t\t\t\t\t\t\t\t\t<label for=\"form-field-field_51799d9\" class=\"elementor-field-label elementor-screen-only\">\n\t\t\t\t\t\t\t\tTel\u00e9fono *\t\t\t\t\t\t\t<\/label>\n\t\t\t\t\t\t\t\t<input size=\"1\" type=\"tel\" name=\"form_fields[field_51799d9]\" id=\"form-field-field_51799d9\" class=\"elementor-field elementor-size-lg  elementor-field-textual\" placeholder=\"Tel\u00e9fono *\" required=\"required\" pattern=\"[0-9()#&amp;+*-=.]+\" title=\"Solo se aceptan n\u00fameros y caracteres de tel\u00e9fono (#,-,*,etc).\">\n\n\t\t\t\t\t\t<\/div>\n\t\t\t\t\t\t\t\t<div class=\"elementor-field-type-text elementor-field-group elementor-column elementor-field-group-field_169f83a elementor-col-100\">\n\t\t\t\t\t\t\t\t\t\t\t\t<label for=\"form-field-field_169f83a\" class=\"elementor-field-label elementor-screen-only\">\n\t\t\t\t\t\t\t\tPa\u00eds\t\t\t\t\t\t\t<\/label>\n\t\t\t\t\t\t\t\t\t\t\t\t\t\t<input size=\"1\" type=\"text\" name=\"form_fields[field_169f83a]\" id=\"form-field-field_169f83a\" class=\"elementor-field elementor-size-lg  elementor-field-textual\" placeholder=\"Pa\u00eds\">\n\t\t\t\t\t\t\t\t\t\t\t<\/div>\n\t\t\t\t\t\t\t\t<div class=\"elementor-field-type-select elementor-field-group elementor-column elementor-field-group-field_cbaaf0b elementor-col-100\">\n\t\t\t\t\t\t\t\t\t\t\t\t<label for=\"form-field-field_cbaaf0b\" class=\"elementor-field-label elementor-screen-only\">\n\t\t\t\t\t\t\t\tActividad principal\t\t\t\t\t\t\t<\/label>\n\t\t\t\t\t\t\t\t<div class=\"elementor-field elementor-select-wrapper remove-before\">\n\t\t\t<div class=\"select-caret-down-wrapper\">\n\t\t\t\t<i aria-hidden=\"true\" class=\"eicon-caret-down\"><\/i>\t\t\t<\/div>\n\t\t\t<select name=\"form_fields[field_cbaaf0b]\" id=\"form-field-field_cbaaf0b\" class=\"elementor-field-textual elementor-size-lg\">\n\t\t\t\t\t\t\t\t\t<option value=\"Main business:\">Actividad principal:<\/option>\n\t\t\t\t\t\t\t\t\t<option value=\"University\/ higher education\">Universidad\/educaci\u00f3n superior<\/option>\n\t\t\t\t\t\t\t\t\t<option value=\"Learning center\">Centro de aprendizaje<\/option>\n\t\t\t\t\t\t\t\t\t<option value=\"Integrator\/ software development\">Integrador\/desarrollo de software<\/option>\n\t\t\t\t\t\t\t\t\t<option value=\"HR\/ placement agencies\">RRHH\/Agencias de colocaci\u00f3n<\/option>\n\t\t\t\t\t\t\t\t\t<option value=\"Real estate\/developer\">Inmobiliario\/promotor<\/option>\n\t\t\t\t\t\t\t\t\t<option value=\"Other\">Otros<\/option>\n\t\t\t\t\t\t\t<\/select>\n\t\t<\/div>\n\t\t\t\t\t\t<\/div>\n\t\t\t\t\t\t\t\t<div class=\"elementor-field-type-textarea elementor-field-group elementor-column elementor-field-group-message elementor-col-100\">\n\t\t\t\t\t\t\t\t\t\t\t\t<label for=\"form-field-message\" class=\"elementor-field-label elementor-screen-only\">\n\t\t\t\t\t\t\t\tCu\u00e9ntenos m\u00e1s sobre su inter\u00e9s\t\t\t\t\t\t\t<\/label>\n\t\t\t\t\t\t<textarea class=\"elementor-field-textual elementor-field  elementor-size-lg\" name=\"form_fields[message]\" id=\"form-field-message\" rows=\"8\" placeholder=\"Cu\u00e9ntenos m\u00e1s sobre su inter\u00e9s\"><\/textarea>\t\t\t\t<\/div>\n\t\t\t\t\t\t\t\t<div class=\"elementor-field-group elementor-column elementor-field-type-submit elementor-col-100 e-form__buttons\">\n\t\t\t\t\t<button class=\"elementor-button elementor-size-lg\" type=\"submit\">\n\t\t\t\t\t\t<span class=\"elementor-button-content-wrapper\">\n\t\t\t\t\t\t\t\t\t\t\t\t\t\t\t\t\t\t\t\t\t\t<span class=\"elementor-button-text\">Enviar<\/span>\n\t\t\t\t\t\t\t\t\t\t\t\t\t<\/span>\n\t\t\t\t\t<\/button>\n\t\t\t\t<\/div>\n\t\t\t<\/div>\n\t\t<input\n                    class=\"apbct_special_field apbct_email_id__elementor_form\"\n                    name=\"apbct__email_id__elementor_form\"\n                    aria-label=\"apbct__label_id__elementor_form\"\n                    type=\"text\" size=\"30\" maxlength=\"200\" autocomplete=\"off\"\n                    value=\"\"\n                \/><input type=\"hidden\" name=\"trp-form-language\" value=\"es\"\/><\/form>\n\t\t\t\t\t\t<\/div>\n\t\t\t\t<\/div>\n\t\t\t\t\t<\/div>\n\t\t<\/div>\n\t\t\t\t\t<\/div>\n\t\t<\/section>\n\t\t\t\t<section class=\"elementor-section elementor-top-section elementor-element elementor-element-5f9f8aa elementor-section-boxed elementor-section-height-default elementor-section-height-default\" data-id=\"5f9f8aa\" data-element_type=\"section\" data-e-type=\"section\" data-settings=\"{&quot;background_background&quot;:&quot;classic&quot;,&quot;_ha_eqh_enable&quot;:false}\">\n\t\t\t\t\t\t<div class=\"elementor-container elementor-column-gap-default\">\n\t\t\t\t\t<div class=\"elementor-column elementor-col-100 elementor-top-column elementor-element elementor-element-17a19f9\" data-id=\"17a19f9\" data-element_type=\"column\" data-e-type=\"column\">\n\t\t\t<div class=\"elementor-widget-wrap elementor-element-populated\">\n\t\t\t\t\t\t<div class=\"elementor-element elementor-element-01e6b29 elementor-widget elementor-widget-heading\" data-id=\"01e6b29\" data-element_type=\"widget\" data-e-type=\"widget\" data-widget_type=\"heading.default\">\n\t\t\t\t<div class=\"elementor-widget-container\">\n\t\t\t\t\t<h2 class=\"elementor-heading-title elementor-size-default\"><b>La autopista<\/b> a la alta tecnolog\u00eda<\/h2>\t\t\t\t<\/div>\n\t\t\t\t<\/div>\n\t\t\t\t\t<\/div>\n\t\t<\/div>\n\t\t\t\t\t<\/div>\n\t\t<\/section>\n\t\t\t\t<\/div>","protected":false},"excerpt":{"rendered":"<p>\u00fanete a wawiwa S\u00f3lo tienes que rellenar el siguiente formulario y envi\u00e1rnoslo. Nos comprometemos a responderle en un plazo de 3 d\u00edas laborables. La autopista hacia la alta tecnolog\u00eda<\/p>","protected":false},"author":1,"featured_media":0,"parent":0,"menu_order":0,"comment_status":"closed","ping_status":"closed","template":"","meta":{"_acf_changed":false,"inline_featured_image":false,"footnotes":""},"class_list":["post-549","page","type-page","status-publish","hentry"],"acf":[],"yoast_head":"<!-- This site is optimized with the Yoast SEO plugin v27.4 - https:\/\/yoast.com\/product\/yoast-seo-wordpress\/ -->\n<title>Join Wawiwa\u2019s Global Partner Network - Wawiwa Tech<\/title>\n<meta name=\"robots\" content=\"index, follow, max-snippet:-1, max-image-preview:large, max-video-preview:-1\" \/>\n<link rel=\"canonical\" href=\"https:\/\/wawiwa-tech.com\/es\/join-wawiwas-global-partner-network\/\" \/>\n<meta property=\"og:locale\" content=\"es_ES\" \/>\n<meta property=\"og:type\" content=\"article\" \/>\n<meta property=\"og:title\" content=\"Join Wawiwa\u2019s Global Partner Network - Wawiwa Tech\" \/>\n<meta property=\"og:description\" content=\"join wawiwa Just fill in the following form and send it to us. We promise to get back to you within 3 business days. The Highway to High-Tech\" \/>\n<meta property=\"og:url\" content=\"https:\/\/wawiwa-tech.com\/es\/join-wawiwas-global-partner-network\/\" \/>\n<meta property=\"og:site_name\" content=\"Wawiwa Tech\" \/>\n<meta property=\"article:publisher\" content=\"https:\/\/www.facebook.com\/wawiwatech\/\" \/>\n<meta property=\"article:modified_time\" content=\"2023-03-15T09:15:36+00:00\" \/>\n<meta property=\"og:image\" content=\"https:\/\/wawiwa-tech.com\/wp-content\/uploads\/2023\/03\/Wawiwa-BG-for-LinkedIn.png\" \/>\n\t<meta property=\"og:image:width\" content=\"1200\" \/>\n\t<meta property=\"og:image:height\" content=\"628\" \/>\n\t<meta property=\"og:image:type\" content=\"image\/png\" \/>\n<meta name=\"twitter:card\" content=\"summary_large_image\" \/>\n<meta name=\"twitter:site\" content=\"@WawiwaTech\" \/>\n<script type=\"application\/ld+json\" class=\"yoast-schema-graph\">{\"@context\":\"https:\\\/\\\/schema.org\",\"@graph\":[{\"@type\":\"WebPage\",\"@id\":\"https:\\\/\\\/wawiwa-tech.com\\\/join-wawiwas-global-partner-network\\\/\",\"url\":\"https:\\\/\\\/wawiwa-tech.com\\\/join-wawiwas-global-partner-network\\\/\",\"name\":\"Join Wawiwa\u2019s Global Partner Network - Wawiwa Tech\",\"isPartOf\":{\"@id\":\"https:\\\/\\\/wawiwa-tech.com\\\/#website\"},\"datePublished\":\"2020-05-19T08:34:34+00:00\",\"dateModified\":\"2023-03-15T09:15:36+00:00\",\"breadcrumb\":{\"@id\":\"https:\\\/\\\/wawiwa-tech.com\\\/join-wawiwas-global-partner-network\\\/#breadcrumb\"},\"inLanguage\":\"es\",\"potentialAction\":[{\"@type\":\"ReadAction\",\"target\":[\"https:\\\/\\\/wawiwa-tech.com\\\/join-wawiwas-global-partner-network\\\/\"]}]},{\"@type\":\"BreadcrumbList\",\"@id\":\"https:\\\/\\\/wawiwa-tech.com\\\/join-wawiwas-global-partner-network\\\/#breadcrumb\",\"itemListElement\":[{\"@type\":\"ListItem\",\"position\":1,\"name\":\"Home\",\"item\":\"https:\\\/\\\/wawiwa-tech.com\\\/\"},{\"@type\":\"ListItem\",\"position\":2,\"name\":\"Join Wawiwa\u2019s Global Partner Network\"}]},{\"@type\":\"WebSite\",\"@id\":\"https:\\\/\\\/wawiwa-tech.com\\\/#website\",\"url\":\"https:\\\/\\\/wawiwa-tech.com\\\/\",\"name\":\"Wawiwa Tech\",\"description\":\"Reskilling the World to Tech\",\"publisher\":{\"@id\":\"https:\\\/\\\/wawiwa-tech.com\\\/#organization\"},\"potentialAction\":[{\"@type\":\"SearchAction\",\"target\":{\"@type\":\"EntryPoint\",\"urlTemplate\":\"https:\\\/\\\/wawiwa-tech.com\\\/?s={search_term_string}\"},\"query-input\":{\"@type\":\"PropertyValueSpecification\",\"valueRequired\":true,\"valueName\":\"search_term_string\"}}],\"inLanguage\":\"es\"},{\"@type\":\"Organization\",\"@id\":\"https:\\\/\\\/wawiwa-tech.com\\\/#organization\",\"name\":\"Wawiwa Tech\",\"url\":\"https:\\\/\\\/wawiwa-tech.com\\\/\",\"logo\":{\"@type\":\"ImageObject\",\"inLanguage\":\"es\",\"@id\":\"https:\\\/\\\/wawiwa-tech.com\\\/#\\\/schema\\\/logo\\\/image\\\/\",\"url\":\"https:\\\/\\\/wawiwa-tech.com\\\/wp-content\\\/uploads\\\/2020\\\/05\\\/Wawiwa-Logo-trans.png\",\"contentUrl\":\"https:\\\/\\\/wawiwa-tech.com\\\/wp-content\\\/uploads\\\/2020\\\/05\\\/Wawiwa-Logo-trans.png\",\"width\":1000,\"height\":425,\"caption\":\"Wawiwa Tech\"},\"image\":{\"@id\":\"https:\\\/\\\/wawiwa-tech.com\\\/#\\\/schema\\\/logo\\\/image\\\/\"},\"sameAs\":[\"https:\\\/\\\/www.facebook.com\\\/wawiwatech\\\/\",\"https:\\\/\\\/x.com\\\/WawiwaTech\",\"https:\\\/\\\/instagram.com\\\/wawiwatech\",\"https:\\\/\\\/www.linkedin.com\\\/company\\\/wawiwa\\\/\",\"https:\\\/\\\/www.youtube.com\\\/channel\\\/UCN_ejCsLDqznGifvkX86gzA\"]}]}<\/script>\n<!-- \/ Yoast SEO plugin. -->","yoast_head_json":{"title":"Join Wawiwa\u2019s Global Partner Network - Wawiwa Tech","robots":{"index":"index","follow":"follow","max-snippet":"max-snippet:-1","max-image-preview":"max-image-preview:large","max-video-preview":"max-video-preview:-1"},"canonical":"https:\/\/wawiwa-tech.com\/es\/join-wawiwas-global-partner-network\/","og_locale":"es_ES","og_type":"article","og_title":"Join Wawiwa\u2019s Global Partner Network - Wawiwa Tech","og_description":"join wawiwa Just fill in the following form and send it to us. We promise to get back to you within 3 business days. The Highway to High-Tech","og_url":"https:\/\/wawiwa-tech.com\/es\/join-wawiwas-global-partner-network\/","og_site_name":"Wawiwa Tech","article_publisher":"https:\/\/www.facebook.com\/wawiwatech\/","article_modified_time":"2023-03-15T09:15:36+00:00","og_image":[{"width":1200,"height":628,"url":"https:\/\/wawiwa-tech.com\/wp-content\/uploads\/2023\/03\/Wawiwa-BG-for-LinkedIn.png","type":"image\/png"}],"twitter_card":"summary_large_image","twitter_site":"@WawiwaTech","schema":{"@context":"https:\/\/schema.org","@graph":[{"@type":"WebPage","@id":"https:\/\/wawiwa-tech.com\/join-wawiwas-global-partner-network\/","url":"https:\/\/wawiwa-tech.com\/join-wawiwas-global-partner-network\/","name":"Join Wawiwa\u2019s Global Partner Network - Wawiwa Tech","isPartOf":{"@id":"https:\/\/wawiwa-tech.com\/#website"},"datePublished":"2020-05-19T08:34:34+00:00","dateModified":"2023-03-15T09:15:36+00:00","breadcrumb":{"@id":"https:\/\/wawiwa-tech.com\/join-wawiwas-global-partner-network\/#breadcrumb"},"inLanguage":"es","potentialAction":[{"@type":"ReadAction","target":["https:\/\/wawiwa-tech.com\/join-wawiwas-global-partner-network\/"]}]},{"@type":"BreadcrumbList","@id":"https:\/\/wawiwa-tech.com\/join-wawiwas-global-partner-network\/#breadcrumb","itemListElement":[{"@type":"ListItem","position":1,"name":"Home","item":"https:\/\/wawiwa-tech.com\/"},{"@type":"ListItem","position":2,"name":"Join Wawiwa\u2019s Global Partner Network"}]},{"@type":"WebSite","@id":"https:\/\/wawiwa-tech.com\/#website","url":"https:\/\/wawiwa-tech.com\/","name":"Wawiwa Tech","description":"Reskilling the World to Tech","publisher":{"@id":"https:\/\/wawiwa-tech.com\/#organization"},"potentialAction":[{"@type":"SearchAction","target":{"@type":"EntryPoint","urlTemplate":"https:\/\/wawiwa-tech.com\/?s={search_term_string}"},"query-input":{"@type":"PropertyValueSpecification","valueRequired":true,"valueName":"search_term_string"}}],"inLanguage":"es"},{"@type":"Organization","@id":"https:\/\/wawiwa-tech.com\/#organization","name":"Wawiwa Tech","url":"https:\/\/wawiwa-tech.com\/","logo":{"@type":"ImageObject","inLanguage":"es","@id":"https:\/\/wawiwa-tech.com\/#\/schema\/logo\/image\/","url":"https:\/\/wawiwa-tech.com\/wp-content\/uploads\/2020\/05\/Wawiwa-Logo-trans.png","contentUrl":"https:\/\/wawiwa-tech.com\/wp-content\/uploads\/2020\/05\/Wawiwa-Logo-trans.png","width":1000,"height":425,"caption":"Wawiwa Tech"},"image":{"@id":"https:\/\/wawiwa-tech.com\/#\/schema\/logo\/image\/"},"sameAs":["https:\/\/www.facebook.com\/wawiwatech\/","https:\/\/x.com\/WawiwaTech","https:\/\/instagram.com\/wawiwatech","https:\/\/www.linkedin.com\/company\/wawiwa\/","https:\/\/www.youtube.com\/channel\/UCN_ejCsLDqznGifvkX86gzA"]}]}},"_links":{"self":[{"href":"https:\/\/wawiwa-tech.com\/es\/wp-json\/wp\/v2\/pages\/549","targetHints":{"allow":["GET"]}}],"collection":[{"href":"https:\/\/wawiwa-tech.com\/es\/wp-json\/wp\/v2\/pages"}],"about":[{"href":"https:\/\/wawiwa-tech.com\/es\/wp-json\/wp\/v2\/types\/page"}],"author":[{"embeddable":true,"href":"https:\/\/wawiwa-tech.com\/es\/wp-json\/wp\/v2\/users\/1"}],"replies":[{"embeddable":true,"href":"https:\/\/wawiwa-tech.com\/es\/wp-json\/wp\/v2\/comments?post=549"}],"version-history":[{"count":0,"href":"https:\/\/wawiwa-tech.com\/es\/wp-json\/wp\/v2\/pages\/549\/revisions"}],"wp:attachment":[{"href":"https:\/\/wawiwa-tech.com\/es\/wp-json\/wp\/v2\/media?parent=549"}],"curies":[{"name":"wp","href":"https:\/\/api.w.org\/{rel}","templated":true}]}}