{"id":7124,"date":"2026-02-09T17:54:42","date_gmt":"2026-02-09T15:54:42","guid":{"rendered":"https:\/\/wawiwa-tech.com\/?page_id=7124"},"modified":"2026-02-11T13:50:57","modified_gmt":"2026-02-11T11:50:57","slug":"get-the-full-case-study-ttsp","status":"publish","type":"page","link":"https:\/\/wawiwa-tech.com\/es\/get-the-full-case-study-ttsp\/","title":{"rendered":"Estudio de caso completo (TTSP)"},"content":{"rendered":"<div data-elementor-type=\"wp-page\" data-elementor-id=\"7124\" class=\"elementor elementor-7124\" data-elementor-settings=\"{&quot;ha_cmc_init_switcher&quot;:&quot;no&quot;}\" data-elementor-post-type=\"page\">\n\t\t\t\t\t\t<section class=\"elementor-section elementor-top-section elementor-element elementor-element-54043cfd elementor-section-height-min-height elementor-section-content-middle elementor-section-boxed elementor-section-height-default elementor-section-items-middle\" data-id=\"54043cfd\" data-element_type=\"section\" data-e-type=\"section\" data-settings=\"{&quot;background_background&quot;:&quot;classic&quot;,&quot;background_motion_fx_motion_fx_scrolling&quot;:&quot;yes&quot;,&quot;background_motion_fx_translateY_effect&quot;:&quot;yes&quot;,&quot;shape_divider_bottom&quot;:&quot;waves&quot;,&quot;background_motion_fx_translateY_speed&quot;:{&quot;unit&quot;:&quot;px&quot;,&quot;size&quot;:4,&quot;sizes&quot;:[]},&quot;background_motion_fx_translateY_affectedRange&quot;:{&quot;unit&quot;:&quot;%&quot;,&quot;size&quot;:&quot;&quot;,&quot;sizes&quot;:{&quot;start&quot;:0,&quot;end&quot;:100}},&quot;background_motion_fx_devices&quot;:[&quot;desktop&quot;,&quot;tablet&quot;,&quot;mobile&quot;],&quot;_ha_eqh_enable&quot;:false}\">\n\t\t\t\t\t\t\t<div class=\"elementor-background-overlay\"><\/div>\n\t\t\t\t\t\t<div class=\"elementor-shape elementor-shape-bottom\" aria-hidden=\"true\" data-negative=\"false\">\n\t\t\t<svg xmlns=\"http:\/\/www.w3.org\/2000\/svg\" viewbox=\"0 0 1000 100\" preserveaspectratio=\"none\">\n\t<path class=\"elementor-shape-fill\" d=\"M421.9,6.5c22.6-2.5,51.5,0.4,75.5,5.3c23.6,4.9,70.9,23.5,100.5,35.7c75.8,32.2,133.7,44.5,192.6,49.7\tc23.6,2.1,48.7,3.5,103.4-2.5c54.7-6,106.2-25.6,106.2-25.6V0H0v30.3c0,0,72,32.6,158.4,30.5c39.2-0.7,92.8-6.7,134-22.4\tc21.2-8.1,52.2-18.2,79.7-24.2C399.3,7.9,411.6,7.5,421.9,6.5z\"\/>\n<\/svg>\t\t<\/div>\n\t\t\t\t\t<div class=\"elementor-container elementor-column-gap-default\">\n\t\t\t\t\t<div class=\"elementor-column elementor-col-100 elementor-top-column elementor-element elementor-element-3dc1eb37\" data-id=\"3dc1eb37\" data-element_type=\"column\" data-e-type=\"column\">\n\t\t\t<div class=\"elementor-widget-wrap elementor-element-populated\">\n\t\t\t\t\t\t<div class=\"elementor-element elementor-element-714b864c elementor-widget elementor-widget-heading\" data-id=\"714b864c\" data-element_type=\"widget\" data-e-type=\"widget\" data-widget_type=\"heading.default\">\n\t\t\t\t<div class=\"elementor-widget-container\">\n\t\t\t\t\t<h1 class=\"elementor-heading-title elementor-size-default\">Estudio de caso completo<\/h1>\t\t\t\t<\/div>\n\t\t\t\t<\/div>\n\t\t\t\t<div class=\"elementor-element elementor-element-33e98dc4 elementor-widget elementor-widget-heading\" data-id=\"33e98dc4\" data-element_type=\"widget\" data-e-type=\"widget\" data-widget_type=\"heading.default\">\n\t\t\t\t<div class=\"elementor-widget-container\">\n\t\t\t\t\t<h4 class=\"elementor-heading-title elementor-size-default\">Vea c\u00f3mo TTSP convirti\u00f3 la mejora de las cualificaciones en un negocio escalable de formaci\u00f3n tecnol\u00f3gica con Wawiwa.<\/h4>\t\t\t\t<\/div>\n\t\t\t\t<\/div>\n\t\t\t\t\t<\/div>\n\t\t<\/div>\n\t\t\t\t\t<\/div>\n\t\t<\/section>\n\t\t\t\t<section class=\"elementor-section elementor-top-section elementor-element elementor-element-2a6d7959 elementor-section-boxed elementor-section-height-default elementor-section-height-default\" data-id=\"2a6d7959\" data-element_type=\"section\" data-e-type=\"section\" data-settings=\"{&quot;background_background&quot;:&quot;classic&quot;,&quot;shape_divider_bottom&quot;:&quot;waves&quot;,&quot;_ha_eqh_enable&quot;:false}\">\n\t\t\t\t\t<div class=\"elementor-shape elementor-shape-bottom\" aria-hidden=\"true\" data-negative=\"false\">\n\t\t\t<svg xmlns=\"http:\/\/www.w3.org\/2000\/svg\" viewbox=\"0 0 1000 100\" preserveaspectratio=\"none\">\n\t<path class=\"elementor-shape-fill\" d=\"M421.9,6.5c22.6-2.5,51.5,0.4,75.5,5.3c23.6,4.9,70.9,23.5,100.5,35.7c75.8,32.2,133.7,44.5,192.6,49.7\tc23.6,2.1,48.7,3.5,103.4-2.5c54.7-6,106.2-25.6,106.2-25.6V0H0v30.3c0,0,72,32.6,158.4,30.5c39.2-0.7,92.8-6.7,134-22.4\tc21.2-8.1,52.2-18.2,79.7-24.2C399.3,7.9,411.6,7.5,421.9,6.5z\"\/>\n<\/svg>\t\t<\/div>\n\t\t\t\t\t<div class=\"elementor-container elementor-column-gap-default\">\n\t\t\t\t\t<div class=\"elementor-column elementor-col-100 elementor-top-column elementor-element elementor-element-0399e83\" data-id=\"0399e83\" data-element_type=\"column\" data-e-type=\"column\" data-settings=\"{&quot;background_background&quot;:&quot;classic&quot;}\">\n\t\t\t<div class=\"elementor-widget-wrap elementor-element-populated\">\n\t\t\t\t\t\t<div class=\"elementor-element elementor-element-58585999 elementor-widget elementor-widget-heading\" data-id=\"58585999\" data-element_type=\"widget\" data-e-type=\"widget\" data-widget_type=\"heading.default\">\n\t\t\t\t<div class=\"elementor-widget-container\">\n\t\t\t\t\t<p class=\"elementor-heading-title elementor-size-default\">Rellene sus datos y nos pondremos en contacto con usted en breve.<\/p>\t\t\t\t<\/div>\n\t\t\t\t<\/div>\n\t\t\t\t<div class=\"elementor-element elementor-element-66144230 elementor-button-align-stretch elementor-widget elementor-widget-form\" data-id=\"66144230\" data-element_type=\"widget\" data-e-type=\"widget\" id=\"form\" data-settings=\"{&quot;step_next_label&quot;:&quot;Next&quot;,&quot;step_previous_label&quot;:&quot;Previous&quot;,&quot;button_width&quot;:&quot;100&quot;,&quot;step_type&quot;:&quot;number_text&quot;,&quot;step_icon_shape&quot;:&quot;circle&quot;}\" data-widget_type=\"form.default\">\n\t\t\t\t<div class=\"elementor-widget-container\">\n\t\t\t\t\t\t\t<form class=\"elementor-form\" method=\"post\" id=\"ContactUsPage\" name=\"ContactUsPage\" aria-label=\"ContactUsPage\" action=\"\">\n\t\t\t<input type=\"hidden\" name=\"post_id\" value=\"7124\"\/>\n\t\t\t<input type=\"hidden\" name=\"form_id\" value=\"66144230\"\/>\n\t\t\t<input type=\"hidden\" name=\"referer_title\" value=\"Get the Full Case Study (TTSP) - Wawiwa Tech\" \/>\n\n\t\t\t\t\t\t\t<input type=\"hidden\" name=\"queried_id\" value=\"7124\"\/>\n\t\t\t\n\t\t\t<div class=\"elementor-form-fields-wrapper elementor-labels-\">\n\t\t\t\t\t\t\t\t<div class=\"elementor-field-type-text elementor-field-group elementor-column elementor-field-group-name elementor-col-100 elementor-field-required\">\n\t\t\t\t\t\t\t\t\t\t\t\t<label for=\"form-field-name\" class=\"elementor-field-label elementor-screen-only\">\n\t\t\t\t\t\t\t\tNombre completo *\t\t\t\t\t\t\t<\/label>\n\t\t\t\t\t\t\t\t\t\t\t\t\t\t<input size=\"1\" type=\"text\" name=\"form_fields[name]\" id=\"form-field-name\" class=\"elementor-field elementor-size-sm  elementor-field-textual\" placeholder=\"Nombre completo *\" required=\"required\">\n\t\t\t\t\t\t\t\t\t\t\t<\/div>\n\t\t\t\t\t\t\t\t<div class=\"elementor-field-type-email elementor-field-group elementor-column elementor-field-group-email elementor-col-100 elementor-field-required\">\n\t\t\t\t\t\t\t\t\t\t\t\t<label for=\"form-field-email\" class=\"elementor-field-label elementor-screen-only\">\n\t\t\t\t\t\t\t\tCorreo electr\u00f3nico *\t\t\t\t\t\t\t<\/label>\n\t\t\t\t\t\t\t\t\t\t\t\t\t\t<input size=\"1\" type=\"email\" name=\"form_fields[email]\" id=\"form-field-email\" class=\"elementor-field elementor-size-sm  elementor-field-textual\" placeholder=\"Correo electr\u00f3nico *\" required=\"required\">\n\t\t\t\t\t\t\t\t\t\t\t<\/div>\n\t\t\t\t\t\t\t\t<div class=\"elementor-field-type-tel elementor-field-group elementor-column elementor-field-group-phone elementor-col-100 elementor-field-required\">\n\t\t\t\t\t\t\t\t\t\t\t\t<label for=\"form-field-phone\" class=\"elementor-field-label elementor-screen-only\">\n\t\t\t\t\t\t\t\tTel\u00e9fono *\t\t\t\t\t\t\t<\/label>\n\t\t\t\t\t\t\t\t<input size=\"1\" type=\"tel\" name=\"form_fields[phone]\" id=\"form-field-phone\" class=\"elementor-field elementor-size-sm  elementor-field-textual\" placeholder=\"Tel\u00e9fono *\" required=\"required\" pattern=\"[0-9()#&amp;+*-=.]+\" title=\"Nur Nummern oder Telefon-Zeichen (#, -, *, etc) werden akzeptiert.\" data-no-translation-title=\"\">\n\n\t\t\t\t\t\t<\/div>\n\t\t\t\t\t\t\t\t<div class=\"elementor-field-type-text elementor-field-group elementor-column elementor-field-group-country elementor-col-100\">\n\t\t\t\t\t\t\t\t\t\t\t\t<label for=\"form-field-country\" class=\"elementor-field-label elementor-screen-only\">\n\t\t\t\t\t\t\t\tPa\u00eds\t\t\t\t\t\t\t<\/label>\n\t\t\t\t\t\t\t\t\t\t\t\t\t\t<input size=\"1\" type=\"text\" name=\"form_fields[country]\" id=\"form-field-country\" class=\"elementor-field elementor-size-sm  elementor-field-textual\" placeholder=\"Pa\u00eds\">\n\t\t\t\t\t\t\t\t\t\t\t<\/div>\n\t\t\t\t\t\t\t\t<div class=\"elementor-field-type-text elementor-field-group elementor-column elementor-field-group-jobtitle elementor-col-100\">\n\t\t\t\t\t\t\t\t\t\t\t\t<label for=\"form-field-jobtitle\" class=\"elementor-field-label elementor-screen-only\">\n\t\t\t\t\t\t\t\tPuesto\t\t\t\t\t\t\t<\/label>\n\t\t\t\t\t\t\t\t\t\t\t\t\t\t<input size=\"1\" type=\"text\" name=\"form_fields[jobtitle]\" id=\"form-field-jobtitle\" class=\"elementor-field elementor-size-sm  elementor-field-textual\" placeholder=\"Puesto\">\n\t\t\t\t\t\t\t\t\t\t\t<\/div>\n\t\t\t\t\t\t\t\t<div class=\"elementor-field-type-text elementor-field-group elementor-column elementor-field-group-company elementor-col-100\">\n\t\t\t\t\t\t\t\t\t\t\t\t<label for=\"form-field-company\" class=\"elementor-field-label elementor-screen-only\">\n\t\t\t\t\t\t\t\tEmpresa \/ Organizaci\u00f3n\t\t\t\t\t\t\t<\/label>\n\t\t\t\t\t\t\t\t\t\t\t\t\t\t<input size=\"1\" type=\"text\" name=\"form_fields[company]\" id=\"form-field-company\" class=\"elementor-field elementor-size-sm  elementor-field-textual\" placeholder=\"Empresa \/ Organizaci\u00f3n\">\n\t\t\t\t\t\t\t\t\t\t\t<\/div>\n\t\t\t\t\t\t\t\t<div class=\"elementor-field-type-acceptance elementor-field-group elementor-column elementor-field-group-Consent elementor-col-100 elementor-field-required\">\n\t\t\t\t\t\t\t\t\t\t\t\t<label for=\"form-field-Consent\" class=\"elementor-field-label elementor-screen-only\">\n\t\t\t\t\t\t\t\tConsentimiento\t\t\t\t\t\t\t<\/label>\n\t\t\t\t\t\t\t\t<div class=\"elementor-field-subgroup\">\n\t\t\t<span class=\"elementor-field-option\">\n\t\t\t\t<input type=\"checkbox\" name=\"form_fields[Consent]\" id=\"form-field-Consent\" class=\"elementor-field elementor-size-sm  elementor-acceptance-field\" required=\"required\">\n\t\t\t\t<label for=\"form-field-Consent\">Estoy de acuerdo con Wawiwa <a href=\"https:\/\/wawiwa-tech.com\/es\/terms\/\">Condiciones de uso<\/a> y <a href=\"https:\/\/wawiwa-tech.com\/es\/privacy\/\">Pol\u00edtica de privacidad<\/a><br>&nbsp;<\/label>\t\t\t<\/span>\n\t\t<\/div>\n\t\t\t\t\t\t<\/div>\n\t\t\t\t\t\t\t\t<div class=\"elementor-field-type-recaptcha_v3 elementor-field-group elementor-column elementor-field-group-field_b570544 elementor-col-100 recaptcha_v3-bottomright\">\n\t\t\t\t\t<div class=\"elementor-field\" id=\"form-field-field_b570544\"><div class=\"elementor-g-recaptcha\" data-sitekey=\"6Lca6NsZAAAAAMNYT4F24U3B4I5z0IjGlbsuZvjV\" data-type=\"v3\" data-action=\"Form\" data-badge=\"bottomright\" data-size=\"invisible\"><\/div><\/div>\t\t\t\t<\/div>\n\t\t\t\t\t\t\t\t<div class=\"elementor-field-group elementor-column elementor-field-type-submit elementor-col-100 e-form__buttons\">\n\t\t\t\t\t<button class=\"elementor-button elementor-size-md\" type=\"submit\">\n\t\t\t\t\t\t<span class=\"elementor-button-content-wrapper\">\n\t\t\t\t\t\t\t\t\t\t\t\t\t\t\t\t\t\t\t\t\t\t<span class=\"elementor-button-text\">Enviar<\/span>\n\t\t\t\t\t\t\t\t\t\t\t\t\t<\/span>\n\t\t\t\t\t<\/button>\n\t\t\t\t<\/div>\n\t\t\t<\/div>\n\t\t<input\n                    class=\"apbct_special_field apbct_email_id__elementor_form\"\n                    name=\"apbct__email_id__elementor_form\"\n                    aria-label=\"apbct__label_id__elementor_form\"\n                    type=\"text\" size=\"30\" maxlength=\"200\" autocomplete=\"off\"\n                    value=\"\"\n                \/><input type=\"hidden\" name=\"trp-form-language\" value=\"es\"\/><\/form>\n\t\t\t\t\t\t<\/div>\n\t\t\t\t<\/div>\n\t\t\t\t\t<\/div>\n\t\t<\/div>\n\t\t\t\t\t<\/div>\n\t\t<\/section>\n\t\t\t\t<\/div>","protected":false},"excerpt":{"rendered":"<p>Get the Full Case Study See how TTSP turned upskilling into a scalable tech training business with Wawiwa Please fill your details and we&#8217;ll get back to you soon!<\/p>","protected":false},"author":1,"featured_media":7125,"parent":0,"menu_order":0,"comment_status":"closed","ping_status":"closed","template":"","meta":{"_acf_changed":false,"inline_featured_image":false,"footnotes":""},"class_list":["post-7124","page","type-page","status-publish","has-post-thumbnail","hentry"],"acf":[],"yoast_head":"<!-- This site is optimized with the Yoast SEO plugin v27.3 - https:\/\/yoast.com\/product\/yoast-seo-wordpress\/ -->\n<title>Get the Full Case Study (TTSP) - Wawiwa Tech<\/title>\n<meta name=\"description\" content=\"Read a real-world case study on how upskilling can evolve into a scalable tech training business with the right strategy and partner.\" \/>\n<meta name=\"robots\" content=\"index, follow, max-snippet:-1, max-image-preview:large, max-video-preview:-1\" \/>\n<link rel=\"canonical\" href=\"https:\/\/wawiwa-tech.com\/es\/get-the-full-case-study-ttsp\/\" \/>\n<meta property=\"og:locale\" content=\"es_ES\" \/>\n<meta property=\"og:type\" content=\"article\" \/>\n<meta property=\"og:title\" content=\"Get the Full Case Study (TTSP) - Wawiwa Tech\" \/>\n<meta property=\"og:description\" content=\"Read a real-world case study on how upskilling can evolve into a scalable tech training business with the right strategy and partner.\" \/>\n<meta property=\"og:url\" content=\"https:\/\/wawiwa-tech.com\/es\/get-the-full-case-study-ttsp\/\" \/>\n<meta property=\"og:site_name\" content=\"Wawiwa Tech\" \/>\n<meta property=\"article:publisher\" content=\"https:\/\/www.facebook.com\/wawiwatech\/\" \/>\n<meta property=\"article:modified_time\" content=\"2026-02-11T11:50:57+00:00\" \/>\n<meta property=\"og:image\" content=\"https:\/\/wawiwa-tech.com\/wp-content\/uploads\/2026\/02\/ttsp.png\" \/>\n\t<meta property=\"og:image:width\" content=\"1279\" \/>\n\t<meta property=\"og:image:height\" content=\"719\" \/>\n\t<meta property=\"og:image:type\" content=\"image\/png\" \/>\n<meta name=\"twitter:card\" content=\"summary_large_image\" \/>\n<meta name=\"twitter:site\" content=\"@WawiwaTech\" \/>\n<meta name=\"twitter:label1\" content=\"Est. reading time\" \/>\n\t<meta name=\"twitter:data1\" content=\"1 minuto\" \/>\n<script type=\"application\/ld+json\" class=\"yoast-schema-graph\">{\"@context\":\"https:\\\/\\\/schema.org\",\"@graph\":[{\"@type\":\"WebPage\",\"@id\":\"https:\\\/\\\/wawiwa-tech.com\\\/get-the-full-case-study-ttsp\\\/\",\"url\":\"https:\\\/\\\/wawiwa-tech.com\\\/get-the-full-case-study-ttsp\\\/\",\"name\":\"Get the Full Case Study (TTSP) - Wawiwa Tech\",\"isPartOf\":{\"@id\":\"https:\\\/\\\/wawiwa-tech.com\\\/#website\"},\"primaryImageOfPage\":{\"@id\":\"https:\\\/\\\/wawiwa-tech.com\\\/get-the-full-case-study-ttsp\\\/#primaryimage\"},\"image\":{\"@id\":\"https:\\\/\\\/wawiwa-tech.com\\\/get-the-full-case-study-ttsp\\\/#primaryimage\"},\"thumbnailUrl\":\"https:\\\/\\\/wawiwa-tech.com\\\/wp-content\\\/uploads\\\/2026\\\/02\\\/ttsp.png\",\"datePublished\":\"2026-02-09T15:54:42+00:00\",\"dateModified\":\"2026-02-11T11:50:57+00:00\",\"description\":\"Read a real-world case study on how upskilling can evolve into a scalable tech training business with the right strategy and partner.\",\"breadcrumb\":{\"@id\":\"https:\\\/\\\/wawiwa-tech.com\\\/get-the-full-case-study-ttsp\\\/#breadcrumb\"},\"inLanguage\":\"es\",\"potentialAction\":[{\"@type\":\"ReadAction\",\"target\":[\"https:\\\/\\\/wawiwa-tech.com\\\/get-the-full-case-study-ttsp\\\/\"]}]},{\"@type\":\"ImageObject\",\"inLanguage\":\"es\",\"@id\":\"https:\\\/\\\/wawiwa-tech.com\\\/get-the-full-case-study-ttsp\\\/#primaryimage\",\"url\":\"https:\\\/\\\/wawiwa-tech.com\\\/wp-content\\\/uploads\\\/2026\\\/02\\\/ttsp.png\",\"contentUrl\":\"https:\\\/\\\/wawiwa-tech.com\\\/wp-content\\\/uploads\\\/2026\\\/02\\\/ttsp.png\",\"width\":1279,\"height\":719},{\"@type\":\"BreadcrumbList\",\"@id\":\"https:\\\/\\\/wawiwa-tech.com\\\/get-the-full-case-study-ttsp\\\/#breadcrumb\",\"itemListElement\":[{\"@type\":\"ListItem\",\"position\":1,\"name\":\"Home\",\"item\":\"https:\\\/\\\/wawiwa-tech.com\\\/\"},{\"@type\":\"ListItem\",\"position\":2,\"name\":\"Get the Full Case Study (TTSP)\"}]},{\"@type\":\"WebSite\",\"@id\":\"https:\\\/\\\/wawiwa-tech.com\\\/#website\",\"url\":\"https:\\\/\\\/wawiwa-tech.com\\\/\",\"name\":\"Wawiwa Tech\",\"description\":\"Reskilling the World to Tech\",\"publisher\":{\"@id\":\"https:\\\/\\\/wawiwa-tech.com\\\/#organization\"},\"potentialAction\":[{\"@type\":\"SearchAction\",\"target\":{\"@type\":\"EntryPoint\",\"urlTemplate\":\"https:\\\/\\\/wawiwa-tech.com\\\/?s={search_term_string}\"},\"query-input\":{\"@type\":\"PropertyValueSpecification\",\"valueRequired\":true,\"valueName\":\"search_term_string\"}}],\"inLanguage\":\"es\"},{\"@type\":\"Organization\",\"@id\":\"https:\\\/\\\/wawiwa-tech.com\\\/#organization\",\"name\":\"Wawiwa Tech\",\"url\":\"https:\\\/\\\/wawiwa-tech.com\\\/\",\"logo\":{\"@type\":\"ImageObject\",\"inLanguage\":\"es\",\"@id\":\"https:\\\/\\\/wawiwa-tech.com\\\/#\\\/schema\\\/logo\\\/image\\\/\",\"url\":\"https:\\\/\\\/wawiwa-tech.com\\\/wp-content\\\/uploads\\\/2020\\\/05\\\/Wawiwa-Logo-trans.png\",\"contentUrl\":\"https:\\\/\\\/wawiwa-tech.com\\\/wp-content\\\/uploads\\\/2020\\\/05\\\/Wawiwa-Logo-trans.png\",\"width\":1000,\"height\":425,\"caption\":\"Wawiwa Tech\"},\"image\":{\"@id\":\"https:\\\/\\\/wawiwa-tech.com\\\/#\\\/schema\\\/logo\\\/image\\\/\"},\"sameAs\":[\"https:\\\/\\\/www.facebook.com\\\/wawiwatech\\\/\",\"https:\\\/\\\/x.com\\\/WawiwaTech\",\"https:\\\/\\\/instagram.com\\\/wawiwatech\",\"https:\\\/\\\/www.linkedin.com\\\/company\\\/wawiwa\\\/\",\"https:\\\/\\\/www.youtube.com\\\/channel\\\/UCN_ejCsLDqznGifvkX86gzA\"]}]}<\/script>\n<!-- \/ Yoast SEO plugin. -->","yoast_head_json":{"title":"Get the Full Case Study (TTSP) - Wawiwa Tech","description":"Read a real-world case study on how upskilling can evolve into a scalable tech training business with the right strategy and partner.","robots":{"index":"index","follow":"follow","max-snippet":"max-snippet:-1","max-image-preview":"max-image-preview:large","max-video-preview":"max-video-preview:-1"},"canonical":"https:\/\/wawiwa-tech.com\/es\/get-the-full-case-study-ttsp\/","og_locale":"es_ES","og_type":"article","og_title":"Get the Full Case Study (TTSP) - Wawiwa Tech","og_description":"Read a real-world case study on how upskilling can evolve into a scalable tech training business with the right strategy and partner.","og_url":"https:\/\/wawiwa-tech.com\/es\/get-the-full-case-study-ttsp\/","og_site_name":"Wawiwa Tech","article_publisher":"https:\/\/www.facebook.com\/wawiwatech\/","article_modified_time":"2026-02-11T11:50:57+00:00","og_image":[{"width":1279,"height":719,"url":"https:\/\/wawiwa-tech.com\/wp-content\/uploads\/2026\/02\/ttsp.png","type":"image\/png"}],"twitter_card":"summary_large_image","twitter_site":"@WawiwaTech","twitter_misc":{"Est. reading time":"1 minuto"},"schema":{"@context":"https:\/\/schema.org","@graph":[{"@type":"WebPage","@id":"https:\/\/wawiwa-tech.com\/get-the-full-case-study-ttsp\/","url":"https:\/\/wawiwa-tech.com\/get-the-full-case-study-ttsp\/","name":"Get the Full Case Study (TTSP) - Wawiwa Tech","isPartOf":{"@id":"https:\/\/wawiwa-tech.com\/#website"},"primaryImageOfPage":{"@id":"https:\/\/wawiwa-tech.com\/get-the-full-case-study-ttsp\/#primaryimage"},"image":{"@id":"https:\/\/wawiwa-tech.com\/get-the-full-case-study-ttsp\/#primaryimage"},"thumbnailUrl":"https:\/\/wawiwa-tech.com\/wp-content\/uploads\/2026\/02\/ttsp.png","datePublished":"2026-02-09T15:54:42+00:00","dateModified":"2026-02-11T11:50:57+00:00","description":"Read a real-world case study on how upskilling can evolve into a scalable tech training business with the right strategy and partner.","breadcrumb":{"@id":"https:\/\/wawiwa-tech.com\/get-the-full-case-study-ttsp\/#breadcrumb"},"inLanguage":"es","potentialAction":[{"@type":"ReadAction","target":["https:\/\/wawiwa-tech.com\/get-the-full-case-study-ttsp\/"]}]},{"@type":"ImageObject","inLanguage":"es","@id":"https:\/\/wawiwa-tech.com\/get-the-full-case-study-ttsp\/#primaryimage","url":"https:\/\/wawiwa-tech.com\/wp-content\/uploads\/2026\/02\/ttsp.png","contentUrl":"https:\/\/wawiwa-tech.com\/wp-content\/uploads\/2026\/02\/ttsp.png","width":1279,"height":719},{"@type":"BreadcrumbList","@id":"https:\/\/wawiwa-tech.com\/get-the-full-case-study-ttsp\/#breadcrumb","itemListElement":[{"@type":"ListItem","position":1,"name":"Home","item":"https:\/\/wawiwa-tech.com\/"},{"@type":"ListItem","position":2,"name":"Get the Full Case Study (TTSP)"}]},{"@type":"WebSite","@id":"https:\/\/wawiwa-tech.com\/#website","url":"https:\/\/wawiwa-tech.com\/","name":"Wawiwa Tech","description":"Reskilling the World to Tech","publisher":{"@id":"https:\/\/wawiwa-tech.com\/#organization"},"potentialAction":[{"@type":"SearchAction","target":{"@type":"EntryPoint","urlTemplate":"https:\/\/wawiwa-tech.com\/?s={search_term_string}"},"query-input":{"@type":"PropertyValueSpecification","valueRequired":true,"valueName":"search_term_string"}}],"inLanguage":"es"},{"@type":"Organization","@id":"https:\/\/wawiwa-tech.com\/#organization","name":"Wawiwa Tech","url":"https:\/\/wawiwa-tech.com\/","logo":{"@type":"ImageObject","inLanguage":"es","@id":"https:\/\/wawiwa-tech.com\/#\/schema\/logo\/image\/","url":"https:\/\/wawiwa-tech.com\/wp-content\/uploads\/2020\/05\/Wawiwa-Logo-trans.png","contentUrl":"https:\/\/wawiwa-tech.com\/wp-content\/uploads\/2020\/05\/Wawiwa-Logo-trans.png","width":1000,"height":425,"caption":"Wawiwa Tech"},"image":{"@id":"https:\/\/wawiwa-tech.com\/#\/schema\/logo\/image\/"},"sameAs":["https:\/\/www.facebook.com\/wawiwatech\/","https:\/\/x.com\/WawiwaTech","https:\/\/instagram.com\/wawiwatech","https:\/\/www.linkedin.com\/company\/wawiwa\/","https:\/\/www.youtube.com\/channel\/UCN_ejCsLDqznGifvkX86gzA"]}]}},"_links":{"self":[{"href":"https:\/\/wawiwa-tech.com\/es\/wp-json\/wp\/v2\/pages\/7124","targetHints":{"allow":["GET"]}}],"collection":[{"href":"https:\/\/wawiwa-tech.com\/es\/wp-json\/wp\/v2\/pages"}],"about":[{"href":"https:\/\/wawiwa-tech.com\/es\/wp-json\/wp\/v2\/types\/page"}],"author":[{"embeddable":true,"href":"https:\/\/wawiwa-tech.com\/es\/wp-json\/wp\/v2\/users\/1"}],"replies":[{"embeddable":true,"href":"https:\/\/wawiwa-tech.com\/es\/wp-json\/wp\/v2\/comments?post=7124"}],"version-history":[{"count":0,"href":"https:\/\/wawiwa-tech.com\/es\/wp-json\/wp\/v2\/pages\/7124\/revisions"}],"wp:featuredmedia":[{"embeddable":true,"href":"https:\/\/wawiwa-tech.com\/es\/wp-json\/wp\/v2\/media\/7125"}],"wp:attachment":[{"href":"https:\/\/wawiwa-tech.com\/es\/wp-json\/wp\/v2\/media?parent=7124"}],"curies":[{"name":"wp","href":"https:\/\/api.w.org\/{rel}","templated":true}]}}