{"id":259,"date":"2020-05-07T13:59:13","date_gmt":"2020-05-07T10:59:13","guid":{"rendered":"https:\/\/wawiwa-tech.com\/?page_id=259"},"modified":"2021-10-11T18:47:28","modified_gmt":"2021-10-11T15:47:28","slug":"eran-lasser","status":"publish","type":"page","link":"https:\/\/wawiwa-tech.com\/pt\/wawiwa-team\/eran-lasser\/","title":{"rendered":"Eran lasser"},"content":{"rendered":"<div data-elementor-type=\"wp-page\" data-elementor-id=\"259\" class=\"elementor elementor-259\" data-elementor-settings=\"{&quot;ha_cmc_init_switcher&quot;:&quot;no&quot;}\" data-elementor-post-type=\"page\">\n\t\t\t\t\t\t<section class=\"elementor-section elementor-top-section elementor-element elementor-element-94d58e8 custom_overflow elementor-section-boxed elementor-section-height-default elementor-section-height-default\" data-id=\"94d58e8\" data-element_type=\"section\" data-e-type=\"section\" data-settings=\"{&quot;background_background&quot;:&quot;classic&quot;,&quot;background_motion_fx_motion_fx_scrolling&quot;:&quot;yes&quot;,&quot;background_motion_fx_translateY_effect&quot;:&quot;yes&quot;,&quot;background_motion_fx_translateY_speed&quot;:{&quot;unit&quot;:&quot;px&quot;,&quot;size&quot;:10,&quot;sizes&quot;:[]},&quot;shape_divider_bottom&quot;:&quot;waves&quot;,&quot;background_motion_fx_translateY_affectedRange&quot;:{&quot;unit&quot;:&quot;%&quot;,&quot;size&quot;:&quot;&quot;,&quot;sizes&quot;:{&quot;start&quot;:0,&quot;end&quot;:100}},&quot;background_motion_fx_devices&quot;:[&quot;desktop&quot;,&quot;tablet&quot;,&quot;mobile&quot;],&quot;_ha_eqh_enable&quot;:false}\">\n\t\t\t\t\t<div class=\"elementor-shape elementor-shape-bottom\" aria-hidden=\"true\" data-negative=\"false\">\n\t\t\t<svg xmlns=\"http:\/\/www.w3.org\/2000\/svg\" viewbox=\"0 0 1000 100\" preserveaspectratio=\"none\">\n\t<path class=\"elementor-shape-fill\" d=\"M421.9,6.5c22.6-2.5,51.5,0.4,75.5,5.3c23.6,4.9,70.9,23.5,100.5,35.7c75.8,32.2,133.7,44.5,192.6,49.7\tc23.6,2.1,48.7,3.5,103.4-2.5c54.7-6,106.2-25.6,106.2-25.6V0H0v30.3c0,0,72,32.6,158.4,30.5c39.2-0.7,92.8-6.7,134-22.4\tc21.2-8.1,52.2-18.2,79.7-24.2C399.3,7.9,411.6,7.5,421.9,6.5z\"\/>\n<\/svg>\t\t<\/div>\n\t\t\t\t\t<div class=\"elementor-container elementor-column-gap-default\">\n\t\t\t\t\t<div class=\"elementor-column elementor-col-33 elementor-top-column elementor-element elementor-element-ab5e90e elementor-invisible\" data-id=\"ab5e90e\" data-element_type=\"column\" data-e-type=\"column\" data-settings=\"{&quot;background_background&quot;:&quot;classic&quot;,&quot;animation&quot;:&quot;fadeIn&quot;,&quot;animation_delay&quot;:750}\">\n\t\t\t<div class=\"elementor-widget-wrap elementor-element-populated\">\n\t\t\t\t\t\t<div class=\"elementor-element elementor-element-ed29c5a elementor-widget elementor-widget-image\" data-id=\"ed29c5a\" data-element_type=\"widget\" data-e-type=\"widget\" data-settings=\"{&quot;motion_fx_motion_fx_scrolling&quot;:&quot;yes&quot;,&quot;motion_fx_translateY_effect&quot;:&quot;yes&quot;,&quot;motion_fx_translateY_direction&quot;:&quot;negative&quot;,&quot;motion_fx_translateY_speed&quot;:{&quot;unit&quot;:&quot;px&quot;,&quot;size&quot;:1,&quot;sizes&quot;:[]},&quot;motion_fx_translateY_affectedRange&quot;:{&quot;unit&quot;:&quot;%&quot;,&quot;size&quot;:&quot;&quot;,&quot;sizes&quot;:{&quot;start&quot;:0,&quot;end&quot;:100}},&quot;motion_fx_devices&quot;:[&quot;desktop&quot;,&quot;tablet&quot;,&quot;mobile&quot;]}\" data-widget_type=\"image.default\">\n\t\t\t\t<div class=\"elementor-widget-container\">\n\t\t\t\t\t\t\t\t\t\t\t\t\t\t\t<img fetchpriority=\"high\" decoding=\"async\" width=\"1783\" height=\"1812\" src=\"https:\/\/wawiwa-tech.com\/wp-content\/uploads\/2020\/05\/Team-Eran-Sep21.jpg\" class=\"attachment-full size-full wp-image-2732\" alt=\"Eran Lasser\" srcset=\"https:\/\/wawiwa-tech.com\/wp-content\/uploads\/2020\/05\/Team-Eran-Sep21.jpg 1783w, https:\/\/wawiwa-tech.com\/wp-content\/uploads\/2020\/05\/Team-Eran-Sep21-295x300.jpg 295w, https:\/\/wawiwa-tech.com\/wp-content\/uploads\/2020\/05\/Team-Eran-Sep21-1008x1024.jpg 1008w, https:\/\/wawiwa-tech.com\/wp-content\/uploads\/2020\/05\/Team-Eran-Sep21-768x780.jpg 768w, https:\/\/wawiwa-tech.com\/wp-content\/uploads\/2020\/05\/Team-Eran-Sep21-1511x1536.jpg 1511w\" sizes=\"(max-width: 1783px) 100vw, 1783px\" \/>\t\t\t\t\t\t\t\t\t\t\t\t\t\t\t<\/div>\n\t\t\t\t<\/div>\n\t\t\t\t\t<\/div>\n\t\t<\/div>\n\t\t\t\t<div class=\"elementor-column elementor-col-66 elementor-top-column elementor-element elementor-element-0fdce69 elementor-invisible\" data-id=\"0fdce69\" data-element_type=\"column\" data-e-type=\"column\" data-settings=\"{&quot;animation&quot;:&quot;fadeIn&quot;,&quot;animation_delay&quot;:500}\">\n\t\t\t<div class=\"elementor-widget-wrap elementor-element-populated\">\n\t\t\t\t\t\t<div class=\"elementor-element elementor-element-3eab49b elementor-widget elementor-widget-heading\" data-id=\"3eab49b\" data-element_type=\"widget\" data-e-type=\"widget\" data-widget_type=\"heading.default\">\n\t\t\t\t<div class=\"elementor-widget-container\">\n\t\t\t\t\t<h2 class=\"elementor-heading-title elementor-size-default\">Eran lasser<\/h2>\t\t\t\t<\/div>\n\t\t\t\t<\/div>\n\t\t\t\t<div class=\"elementor-element elementor-element-02c7326 elementor-icon-list--layout-traditional elementor-list-item-link-full_width elementor-widget elementor-widget-icon-list\" data-id=\"02c7326\" data-element_type=\"widget\" data-e-type=\"widget\" data-widget_type=\"icon-list.default\">\n\t\t\t\t<div class=\"elementor-widget-container\">\n\t\t\t\t\t\t\t<ul class=\"elementor-icon-list-items\">\n\t\t\t\t\t\t\t<li class=\"elementor-icon-list-item\">\n\t\t\t\t\t\t\t\t\t\t\t<span class=\"elementor-icon-list-icon\">\n\t\t\t\t\t\t\t<i aria-hidden=\"true\" class=\"far fa-id-card\"><\/i>\t\t\t\t\t\t<\/span>\n\t\t\t\t\t\t\t\t\t\t<span class=\"elementor-icon-list-text\">Founder &amp; CEO<\/span>\n\t\t\t\t\t\t\t\t\t<\/li>\n\t\t\t\t\t\t<\/ul>\n\t\t\t\t\t\t<\/div>\n\t\t\t\t<\/div>\n\t\t\t\t<div class=\"elementor-element elementor-element-c2f027f elementor-widget elementor-widget-text-editor\" data-id=\"c2f027f\" data-element_type=\"widget\" data-e-type=\"widget\" data-widget_type=\"text-editor.default\">\n\t\t\t\t<div class=\"elementor-widget-container\">\n\t\t\t\t\t\t\t\t\t<p>Eran \u00e9 um empres\u00e1rio do setor de educa\u00e7\u00e3o tecnol\u00f3gica com mais de 20 anos de experi\u00eancia. Eran fundou e gerenciou\u00a0<strong><em>Treinamento de John Bryce<\/em><\/strong>\u00a0- a empresa l\u00edder em treinamento de TI em Israel;\u00a0<strong><em>TRIG<\/em><\/strong>\u00a0- uma empresa de treinamento em TI na China, lan\u00e7ada como uma subsidi\u00e1ria da John Bryce e adquirida pela PTL China; \u00a0<strong><em>JB-IQsoft<\/em><\/strong>\u00a0training center - uma empresa de treinamento em TI na Hungria;\u00a0<strong><em>KocBryce<\/em><\/strong>\u00a0- uma empresa de treinamento em TI na Turquia e uma parceria entre John Bryce e o grupo KOC. Eran tamb\u00e9m fez uma parceria para estabelecer\u00a0\u00a0<strong><em>DAN IT Educa\u00e7\u00e3o<\/em><\/strong>\u00a0- uma empresa de treinamento em TI na Ucr\u00e2nia;\u00a0<strong>Techub<\/strong>\u00a0na Ge\u00f3rgia e muito mais. Al\u00e9m disso, Eran gerenciou a Mentergy, que oferece solu\u00e7\u00f5es de e-learning e ensino \u00e0 dist\u00e2ncia.<\/p><p>Ao longo dos anos, Eran foi respons\u00e1vel pela requalifica\u00e7\u00e3o de mais de 50.000 pessoas que hoje trabalham como profissionais de tecnologia. Ele \u00e9 frequentemente convidado para confer\u00eancias para falar sobre t\u00f3picos relacionados \u00e0 lacuna de habilidades tecnol\u00f3gicas, inova\u00e7\u00e3o, treinamento t\u00e9cnico e muito mais.<\/p><p>Eran foi respons\u00e1vel pelo treinamento de profissionais de inform\u00e1tica nas For\u00e7as de Defesa de Israel (MAMRAM). Ele tamb\u00e9m foi membro da equipe de\u00a0<strong>Microsoft<\/strong>\u00a0Comit\u00ea Consultivo de Parceiros de Treinamento (PAC).<\/p>\t\t\t\t\t\t\t\t<\/div>\n\t\t\t\t<\/div>\n\t\t\t\t\t<\/div>\n\t\t<\/div>\n\t\t\t\t\t<\/div>\n\t\t<\/section>\n\t\t\t\t<\/div>","protected":false},"excerpt":{"rendered":"<p>Fundador e CEO Eran \u00e9 um empres\u00e1rio do setor de educa\u00e7\u00e3o tecnol\u00f3gica com mais de 20 anos de experi\u00eancia. Eran fundou e gerenciou a John Bryce Training - a principal empresa de treinamento em TI em Israel; a TRIG - uma empresa de treinamento em TI na China, lan\u00e7ada como subsidi\u00e1ria da John Bryce e adquirida pela PTL China; o centro de treinamento JB-IQsoft - uma empresa de treinamento em TI na Hungria; a KocBryce - [...]<\/p>","protected":false},"author":1,"featured_media":2732,"parent":232,"menu_order":0,"comment_status":"closed","ping_status":"closed","template":"","meta":{"_acf_changed":false,"inline_featured_image":false,"footnotes":""},"class_list":["post-259","page","type-page","status-publish","has-post-thumbnail","hentry"],"acf":[],"yoast_head":"<!-- This site is optimized with the Yoast SEO plugin v27.4 - https:\/\/yoast.com\/product\/yoast-seo-wordpress\/ -->\n<title>Eran lasser - Wawiwa Tech<\/title>\n<meta name=\"robots\" content=\"index, follow, max-snippet:-1, max-image-preview:large, max-video-preview:-1\" \/>\n<link rel=\"canonical\" href=\"https:\/\/wawiwa-tech.com\/pt\/wawiwa-team\/eran-lasser\/\" \/>\n<meta property=\"og:locale\" content=\"pt_BR\" \/>\n<meta property=\"og:type\" content=\"article\" \/>\n<meta property=\"og:title\" content=\"Eran lasser - Wawiwa Tech\" \/>\n<meta property=\"og:description\" content=\"Founder &#038; CEO Eran is a tech education entrepreneur with over 20 years of experience. Eran founded and managed\u00a0John Bryce Training\u00a0\u2013 the leading IT training firm in Israel;\u00a0TRIG\u00a0\u2013 an IT training company in China, launched as a subsidiary of John Bryce and acquired by PTL China; \u00a0JB-IQsoft\u00a0training center \u2013 an IT training company in Hungary;\u00a0KocBryce\u00a0\u2013 [&hellip;]\" \/>\n<meta property=\"og:url\" content=\"https:\/\/wawiwa-tech.com\/pt\/wawiwa-team\/eran-lasser\/\" \/>\n<meta property=\"og:site_name\" content=\"Wawiwa Tech\" \/>\n<meta property=\"article:publisher\" content=\"https:\/\/www.facebook.com\/wawiwatech\/\" \/>\n<meta property=\"article:modified_time\" content=\"2021-10-11T15:47:28+00:00\" \/>\n<meta property=\"og:image\" content=\"https:\/\/wawiwa-tech.com\/wp-content\/uploads\/2020\/05\/Team-Eran-Sep21.jpg\" \/>\n\t<meta property=\"og:image:width\" content=\"1783\" \/>\n\t<meta property=\"og:image:height\" content=\"1812\" \/>\n\t<meta property=\"og:image:type\" content=\"image\/jpeg\" \/>\n<meta name=\"twitter:card\" content=\"summary_large_image\" \/>\n<meta name=\"twitter:site\" content=\"@WawiwaTech\" \/>\n<meta name=\"twitter:label1\" content=\"Est. tempo de leitura\" \/>\n\t<meta name=\"twitter:data1\" content=\"1 minuto\" \/>\n<script type=\"application\/ld+json\" class=\"yoast-schema-graph\">{\"@context\":\"https:\\\/\\\/schema.org\",\"@graph\":[{\"@type\":\"WebPage\",\"@id\":\"https:\\\/\\\/wawiwa-tech.com\\\/wawiwa-team\\\/eran-lasser\\\/\",\"url\":\"https:\\\/\\\/wawiwa-tech.com\\\/wawiwa-team\\\/eran-lasser\\\/\",\"name\":\"Eran lasser - Wawiwa Tech\",\"isPartOf\":{\"@id\":\"https:\\\/\\\/wawiwa-tech.com\\\/#website\"},\"primaryImageOfPage\":{\"@id\":\"https:\\\/\\\/wawiwa-tech.com\\\/wawiwa-team\\\/eran-lasser\\\/#primaryimage\"},\"image\":{\"@id\":\"https:\\\/\\\/wawiwa-tech.com\\\/wawiwa-team\\\/eran-lasser\\\/#primaryimage\"},\"thumbnailUrl\":\"https:\\\/\\\/wawiwa-tech.com\\\/wp-content\\\/uploads\\\/2020\\\/05\\\/Team-Eran-Sep21.jpg\",\"datePublished\":\"2020-05-07T10:59:13+00:00\",\"dateModified\":\"2021-10-11T15:47:28+00:00\",\"breadcrumb\":{\"@id\":\"https:\\\/\\\/wawiwa-tech.com\\\/wawiwa-team\\\/eran-lasser\\\/#breadcrumb\"},\"inLanguage\":\"pt-BR\",\"potentialAction\":[{\"@type\":\"ReadAction\",\"target\":[\"https:\\\/\\\/wawiwa-tech.com\\\/wawiwa-team\\\/eran-lasser\\\/\"]}]},{\"@type\":\"ImageObject\",\"inLanguage\":\"pt-BR\",\"@id\":\"https:\\\/\\\/wawiwa-tech.com\\\/wawiwa-team\\\/eran-lasser\\\/#primaryimage\",\"url\":\"https:\\\/\\\/wawiwa-tech.com\\\/wp-content\\\/uploads\\\/2020\\\/05\\\/Team-Eran-Sep21.jpg\",\"contentUrl\":\"https:\\\/\\\/wawiwa-tech.com\\\/wp-content\\\/uploads\\\/2020\\\/05\\\/Team-Eran-Sep21.jpg\",\"width\":1783,\"height\":1812,\"caption\":\"Wawiwa's Founder and CEO\"},{\"@type\":\"BreadcrumbList\",\"@id\":\"https:\\\/\\\/wawiwa-tech.com\\\/wawiwa-team\\\/eran-lasser\\\/#breadcrumb\",\"itemListElement\":[{\"@type\":\"ListItem\",\"position\":1,\"name\":\"Home\",\"item\":\"https:\\\/\\\/wawiwa-tech.com\\\/\"},{\"@type\":\"ListItem\",\"position\":2,\"name\":\"Our Team\",\"item\":\"https:\\\/\\\/wawiwa-tech.com\\\/wawiwa-team\\\/\"},{\"@type\":\"ListItem\",\"position\":3,\"name\":\"Eran lasser\"}]},{\"@type\":\"WebSite\",\"@id\":\"https:\\\/\\\/wawiwa-tech.com\\\/#website\",\"url\":\"https:\\\/\\\/wawiwa-tech.com\\\/\",\"name\":\"Wawiwa Tech\",\"description\":\"Reskilling the World to Tech\",\"publisher\":{\"@id\":\"https:\\\/\\\/wawiwa-tech.com\\\/#organization\"},\"potentialAction\":[{\"@type\":\"SearchAction\",\"target\":{\"@type\":\"EntryPoint\",\"urlTemplate\":\"https:\\\/\\\/wawiwa-tech.com\\\/?s={search_term_string}\"},\"query-input\":{\"@type\":\"PropertyValueSpecification\",\"valueRequired\":true,\"valueName\":\"search_term_string\"}}],\"inLanguage\":\"pt-BR\"},{\"@type\":\"Organization\",\"@id\":\"https:\\\/\\\/wawiwa-tech.com\\\/#organization\",\"name\":\"Wawiwa Tech\",\"url\":\"https:\\\/\\\/wawiwa-tech.com\\\/\",\"logo\":{\"@type\":\"ImageObject\",\"inLanguage\":\"pt-BR\",\"@id\":\"https:\\\/\\\/wawiwa-tech.com\\\/#\\\/schema\\\/logo\\\/image\\\/\",\"url\":\"https:\\\/\\\/wawiwa-tech.com\\\/wp-content\\\/uploads\\\/2020\\\/05\\\/Wawiwa-Logo-trans.png\",\"contentUrl\":\"https:\\\/\\\/wawiwa-tech.com\\\/wp-content\\\/uploads\\\/2020\\\/05\\\/Wawiwa-Logo-trans.png\",\"width\":1000,\"height\":425,\"caption\":\"Wawiwa Tech\"},\"image\":{\"@id\":\"https:\\\/\\\/wawiwa-tech.com\\\/#\\\/schema\\\/logo\\\/image\\\/\"},\"sameAs\":[\"https:\\\/\\\/www.facebook.com\\\/wawiwatech\\\/\",\"https:\\\/\\\/x.com\\\/WawiwaTech\",\"https:\\\/\\\/instagram.com\\\/wawiwatech\",\"https:\\\/\\\/www.linkedin.com\\\/company\\\/wawiwa\\\/\",\"https:\\\/\\\/www.youtube.com\\\/channel\\\/UCN_ejCsLDqznGifvkX86gzA\"]}]}<\/script>\n<!-- \/ Yoast SEO plugin. -->","yoast_head_json":{"title":"Eran lasser - Wawiwa Tech","robots":{"index":"index","follow":"follow","max-snippet":"max-snippet:-1","max-image-preview":"max-image-preview:large","max-video-preview":"max-video-preview:-1"},"canonical":"https:\/\/wawiwa-tech.com\/pt\/wawiwa-team\/eran-lasser\/","og_locale":"pt_BR","og_type":"article","og_title":"Eran lasser - Wawiwa Tech","og_description":"Founder &#038; CEO Eran is a tech education entrepreneur with over 20 years of experience. Eran founded and managed\u00a0John Bryce Training\u00a0\u2013 the leading IT training firm in Israel;\u00a0TRIG\u00a0\u2013 an IT training company in China, launched as a subsidiary of John Bryce and acquired by PTL China; \u00a0JB-IQsoft\u00a0training center \u2013 an IT training company in Hungary;\u00a0KocBryce\u00a0\u2013 [&hellip;]","og_url":"https:\/\/wawiwa-tech.com\/pt\/wawiwa-team\/eran-lasser\/","og_site_name":"Wawiwa Tech","article_publisher":"https:\/\/www.facebook.com\/wawiwatech\/","article_modified_time":"2021-10-11T15:47:28+00:00","og_image":[{"width":1783,"height":1812,"url":"https:\/\/wawiwa-tech.com\/wp-content\/uploads\/2020\/05\/Team-Eran-Sep21.jpg","type":"image\/jpeg"}],"twitter_card":"summary_large_image","twitter_site":"@WawiwaTech","twitter_misc":{"Est. tempo de leitura":"1 minuto"},"schema":{"@context":"https:\/\/schema.org","@graph":[{"@type":"WebPage","@id":"https:\/\/wawiwa-tech.com\/wawiwa-team\/eran-lasser\/","url":"https:\/\/wawiwa-tech.com\/wawiwa-team\/eran-lasser\/","name":"Eran lasser - Wawiwa Tech","isPartOf":{"@id":"https:\/\/wawiwa-tech.com\/#website"},"primaryImageOfPage":{"@id":"https:\/\/wawiwa-tech.com\/wawiwa-team\/eran-lasser\/#primaryimage"},"image":{"@id":"https:\/\/wawiwa-tech.com\/wawiwa-team\/eran-lasser\/#primaryimage"},"thumbnailUrl":"https:\/\/wawiwa-tech.com\/wp-content\/uploads\/2020\/05\/Team-Eran-Sep21.jpg","datePublished":"2020-05-07T10:59:13+00:00","dateModified":"2021-10-11T15:47:28+00:00","breadcrumb":{"@id":"https:\/\/wawiwa-tech.com\/wawiwa-team\/eran-lasser\/#breadcrumb"},"inLanguage":"pt-BR","potentialAction":[{"@type":"ReadAction","target":["https:\/\/wawiwa-tech.com\/wawiwa-team\/eran-lasser\/"]}]},{"@type":"ImageObject","inLanguage":"pt-BR","@id":"https:\/\/wawiwa-tech.com\/wawiwa-team\/eran-lasser\/#primaryimage","url":"https:\/\/wawiwa-tech.com\/wp-content\/uploads\/2020\/05\/Team-Eran-Sep21.jpg","contentUrl":"https:\/\/wawiwa-tech.com\/wp-content\/uploads\/2020\/05\/Team-Eran-Sep21.jpg","width":1783,"height":1812,"caption":"Wawiwa's Founder and CEO"},{"@type":"BreadcrumbList","@id":"https:\/\/wawiwa-tech.com\/wawiwa-team\/eran-lasser\/#breadcrumb","itemListElement":[{"@type":"ListItem","position":1,"name":"Home","item":"https:\/\/wawiwa-tech.com\/"},{"@type":"ListItem","position":2,"name":"Our Team","item":"https:\/\/wawiwa-tech.com\/wawiwa-team\/"},{"@type":"ListItem","position":3,"name":"Eran lasser"}]},{"@type":"WebSite","@id":"https:\/\/wawiwa-tech.com\/#website","url":"https:\/\/wawiwa-tech.com\/","name":"Wawiwa Tech","description":"Reskilling the World to Tech","publisher":{"@id":"https:\/\/wawiwa-tech.com\/#organization"},"potentialAction":[{"@type":"SearchAction","target":{"@type":"EntryPoint","urlTemplate":"https:\/\/wawiwa-tech.com\/?s={search_term_string}"},"query-input":{"@type":"PropertyValueSpecification","valueRequired":true,"valueName":"search_term_string"}}],"inLanguage":"pt-BR"},{"@type":"Organization","@id":"https:\/\/wawiwa-tech.com\/#organization","name":"Wawiwa Tech","url":"https:\/\/wawiwa-tech.com\/","logo":{"@type":"ImageObject","inLanguage":"pt-BR","@id":"https:\/\/wawiwa-tech.com\/#\/schema\/logo\/image\/","url":"https:\/\/wawiwa-tech.com\/wp-content\/uploads\/2020\/05\/Wawiwa-Logo-trans.png","contentUrl":"https:\/\/wawiwa-tech.com\/wp-content\/uploads\/2020\/05\/Wawiwa-Logo-trans.png","width":1000,"height":425,"caption":"Wawiwa Tech"},"image":{"@id":"https:\/\/wawiwa-tech.com\/#\/schema\/logo\/image\/"},"sameAs":["https:\/\/www.facebook.com\/wawiwatech\/","https:\/\/x.com\/WawiwaTech","https:\/\/instagram.com\/wawiwatech","https:\/\/www.linkedin.com\/company\/wawiwa\/","https:\/\/www.youtube.com\/channel\/UCN_ejCsLDqznGifvkX86gzA"]}]}},"_links":{"self":[{"href":"https:\/\/wawiwa-tech.com\/pt\/wp-json\/wp\/v2\/pages\/259","targetHints":{"allow":["GET"]}}],"collection":[{"href":"https:\/\/wawiwa-tech.com\/pt\/wp-json\/wp\/v2\/pages"}],"about":[{"href":"https:\/\/wawiwa-tech.com\/pt\/wp-json\/wp\/v2\/types\/page"}],"author":[{"embeddable":true,"href":"https:\/\/wawiwa-tech.com\/pt\/wp-json\/wp\/v2\/users\/1"}],"replies":[{"embeddable":true,"href":"https:\/\/wawiwa-tech.com\/pt\/wp-json\/wp\/v2\/comments?post=259"}],"version-history":[{"count":0,"href":"https:\/\/wawiwa-tech.com\/pt\/wp-json\/wp\/v2\/pages\/259\/revisions"}],"up":[{"embeddable":true,"href":"https:\/\/wawiwa-tech.com\/pt\/wp-json\/wp\/v2\/pages\/232"}],"wp:featuredmedia":[{"embeddable":true,"href":"https:\/\/wawiwa-tech.com\/pt\/wp-json\/wp\/v2\/media\/2732"}],"wp:attachment":[{"href":"https:\/\/wawiwa-tech.com\/pt\/wp-json\/wp\/v2\/media?parent=259"}],"curies":[{"name":"wp","href":"https:\/\/api.w.org\/{rel}","templated":true}]}}